{"id":626,"date":"2014-11-28T21:17:01","date_gmt":"2014-11-28T21:17:01","guid":{"rendered":"http:\/\/mariusn.com\/themes\/reales-wp\/?page_id=2"},"modified":"2025-12-17T12:10:54","modified_gmt":"2025-12-17T12:10:54","slug":"sample-page","status":"publish","type":"page","link":"https:\/\/g5estates.com\/es\/","title":{"rendered":"Home"},"content":{"rendered":"<p><\/p>\n<div id=\"list_destacadas\"><h2 class=\"centered osLight\">Propiedades Destacadas<\/h2><div class=\"row pb40\"><div class=\"col-xs-12 col-sm-6 col-md-6 col-lg-6\"><a href=\"https:\/\/g5estates.com\/es\/properties\/be-aloha\/\" class=\"propWidget-2\"><div class=\"fig\"><div class=\"featured-label\"><div class=\"featured-label-left\"><\/div><div class=\"featured-label-content\"><span class=\"fa fa-star\"><\/div><div class=\"featured-label-right\"><\/div><div class=\"clearfix\"><\/div><\/div><img decoding=\"async\" src=\"http:\/\/g5estates.com\/wp-content\/uploads\/2026\/03\/aloha-comunes-1-600x400.jpg\" alt=\"BE ALOHA\" class=\"scale\" data-scale=\"best-fill\" data-align=\"center\"><img decoding=\"async\" src=\"http:\/\/g5estates.com\/wp-content\/uploads\/2026\/03\/aloha-comunes-1-600x400.jpg\" alt=\"BE ALOHA\" class=\"blur scale\" data-scale=\"best-fill\" data-align=\"center\"><div class=\"opac\"><\/div><div class=\"priceCap osLight\"><span>475-720.000\u20ac<small style=\"font-size:14px;\"><\/small><\/span><\/div><div class=\"figType\">Apartamento<\/div><h3 class=\"osLight\">BE ALOHA<\/h3><div class=\"address\">Nueva Andalucia - Nueva Andalucia - Spain<\/div><\/div><\/a><\/div><div class=\"col-xs-12 col-sm-6 col-md-6 col-lg-6\"><a href=\"https:\/\/g5estates.com\/es\/properties\/gazules-del-sol\/\" class=\"propWidget-2\"><div class=\"fig\"><div class=\"featured-label\"><div class=\"featured-label-left\"><\/div><div class=\"featured-label-content\"><span class=\"fa fa-star\"><\/div><div class=\"featured-label-right\"><\/div><div class=\"clearfix\"><\/div><\/div><img decoding=\"async\" src=\"https:\/\/g5estates.com\/wp-content\/uploads\/2025\/04\/08-600x400.jpg\" alt=\"Gazules del Sol\" class=\"scale\" data-scale=\"best-fill\" data-align=\"center\"><img decoding=\"async\" src=\"https:\/\/g5estates.com\/wp-content\/uploads\/2025\/04\/08-600x400.jpg\" alt=\"Gazules del Sol\" class=\"blur scale\" data-scale=\"best-fill\" data-align=\"center\"><div class=\"opac\"><\/div><div class=\"priceCap osLight\"><span>795,000\u20ac<small style=\"font-size:14px;\"><\/small><\/span><\/div><div class=\"figType\">Apartamento<\/div><h3 class=\"osLight\">Gazules del Sol<\/h3><div class=\"address\">Benahav\u00eds - Spain<\/div><\/div><\/a><\/div><div class=\"col-xs-12 col-sm-6 col-md-6 col-lg-6\"><a href=\"https:\/\/g5estates.com\/es\/properties\/plot-with-building-licence\/\" class=\"propWidget-2\"><div class=\"fig\"><div class=\"featured-label\"><div class=\"featured-label-left\"><\/div><div class=\"featured-label-content\"><span class=\"fa fa-star\"><\/div><div class=\"featured-label-right\"><\/div><div class=\"clearfix\"><\/div><\/div><img decoding=\"async\" src=\"https:\/\/g5estates.com\/wp-content\/uploads\/2025\/01\/MMP-48-Edit-scaled-600x400.jpg\" alt=\"Parcela con licencia\" class=\"scale\" data-scale=\"best-fill\" data-align=\"center\"><img decoding=\"async\" src=\"https:\/\/g5estates.com\/wp-content\/uploads\/2025\/01\/MMP-48-Edit-scaled-600x400.jpg\" alt=\"Parcela con licencia\" class=\"blur scale\" data-scale=\"best-fill\" data-align=\"center\"><div class=\"opac\"><\/div><div class=\"priceCap osLight\"><span>1.595.000<small style=\"font-size:14px;\"><\/small><\/span><\/div><div class=\"figType\">Terreno<\/div><h3 class=\"osLight\">Parcela con licencia<\/h3><div class=\"address\">Marbella Golf Country Club - Benahav\u00eds - Spain<\/div><\/div><\/a><\/div><div class=\"col-xs-12 col-sm-6 col-md-6 col-lg-6\"><a href=\"https:\/\/g5estates.com\/es\/properties\/villa-marusha\/\" class=\"propWidget-2\"><div class=\"fig\"><div class=\"featured-label\"><div class=\"featured-label-left\"><\/div><div class=\"featured-label-content\"><span class=\"fa fa-star\"><\/div><div class=\"featured-label-right\"><\/div><div class=\"clearfix\"><\/div><\/div><img decoding=\"async\" src=\"https:\/\/g5estates.com\/wp-content\/uploads\/2024\/05\/spca_visual_marbella__MG_2076-Edit-600x400.jpg\" alt=\"Villa Marusha\" class=\"scale\" data-scale=\"best-fill\" data-align=\"center\"><img decoding=\"async\" src=\"https:\/\/g5estates.com\/wp-content\/uploads\/2024\/05\/spca_visual_marbella__MG_2076-Edit-600x400.jpg\" alt=\"Villa Marusha\" class=\"blur scale\" data-scale=\"best-fill\" data-align=\"center\"><div class=\"opac\"><\/div><div class=\"priceCap osLight\"><span>14.500.000<small style=\"font-size:14px;\"><\/small><\/span><\/div><div class=\"figType\">Villa<\/div><h3 class=\"osLight\">Villa Marusha<\/h3><div class=\"address\">Sierra Blanca - Sierra Blanca - Spain<\/div><\/div><\/a><\/div><div class=\"col-xs-12 col-sm-6 col-md-6 col-lg-6\"><a href=\"https:\/\/g5estates.com\/es\/properties\/la-gratitud\/\" class=\"propWidget-2\"><div class=\"fig\"><div class=\"featured-label\"><div class=\"featured-label-left\"><\/div><div class=\"featured-label-content\"><span class=\"fa fa-star\"><\/div><div class=\"featured-label-right\"><\/div><div class=\"clearfix\"><\/div><\/div><img decoding=\"async\" src=\"https:\/\/g5estates.com\/wp-content\/uploads\/2024\/02\/spca_visual_marbella_DJI_0011-Edit-600x400.jpg\" alt=\"La Gratitud\" class=\"scale\" data-scale=\"best-fill\" data-align=\"center\"><img decoding=\"async\" src=\"https:\/\/g5estates.com\/wp-content\/uploads\/2024\/02\/spca_visual_marbella_DJI_0011-Edit-600x400.jpg\" alt=\"La Gratitud\" class=\"blur scale\" data-scale=\"best-fill\" data-align=\"center\"><div class=\"opac\"><\/div><div class=\"priceCap osLight\"><span>VENDIDO<small style=\"font-size:14px;\"><\/small><\/span><\/div><div class=\"figType\">Villa<\/div><h3 class=\"osLight\">La Gratitud<\/h3><div class=\"address\">Golden Mile - Marbella, Spain - Spain<\/div><\/div><\/a><\/div><div class=\"col-xs-12 col-sm-6 col-md-6 col-lg-6\"><a href=\"https:\/\/g5estates.com\/es\/properties\/casa-fortuna\/\" class=\"propWidget-2\"><div class=\"fig\"><div class=\"featured-label\"><div class=\"featured-label-left\"><\/div><div class=\"featured-label-content\"><span class=\"fa fa-star\"><\/div><div class=\"featured-label-right\"><\/div><div class=\"clearfix\"><\/div><\/div><img decoding=\"async\" src=\"https:\/\/g5estates.com\/wp-content\/uploads\/2023\/10\/Swimming-Pool-2-600x400.png\" alt=\"Casa Fortuna\" class=\"scale\" data-scale=\"best-fill\" data-align=\"center\"><img decoding=\"async\" src=\"https:\/\/g5estates.com\/wp-content\/uploads\/2023\/10\/Swimming-Pool-2-600x400.png\" alt=\"Casa Fortuna\" class=\"blur scale\" data-scale=\"best-fill\" data-align=\"center\"><div class=\"opac\"><\/div><div class=\"priceCap osLight\"><span>9.400.000\u20ac<small style=\"font-size:14px;\"><\/small><\/span><\/div><div class=\"figType\">Villa<\/div><h3 class=\"osLight\">Casa Fortuna<\/h3><div class=\"address\">La Zagaleta - Benahavis - Spain<\/div><\/div><\/a><\/div><div class=\"col-xs-12 col-sm-6 col-md-6 col-lg-6\"><a href=\"https:\/\/g5estates.com\/es\/properties\/camojan-55\/\" class=\"propWidget-2\"><div class=\"fig\"><div class=\"featured-label\"><div class=\"featured-label-left\"><\/div><div class=\"featured-label-content\"><span class=\"fa fa-star\"><\/div><div class=\"featured-label-right\"><\/div><div class=\"clearfix\"><\/div><\/div><img decoding=\"async\" src=\"https:\/\/g5estates.com\/wp-content\/uploads\/2023\/10\/Vasari-Villa-Camojan-55-WEB-80-600x400.jpg\" alt=\"Camojan 55\" class=\"scale\" data-scale=\"best-fill\" data-align=\"center\"><img decoding=\"async\" src=\"https:\/\/g5estates.com\/wp-content\/uploads\/2023\/10\/Vasari-Villa-Camojan-55-WEB-80-600x400.jpg\" alt=\"Camojan 55\" class=\"blur scale\" data-scale=\"best-fill\" data-align=\"center\"><div class=\"opac\"><\/div><div class=\"priceCap osLight\"><span>VENDIDO<small style=\"font-size:14px;\"><\/small><\/span><\/div><div class=\"figType\">Villa<\/div><h3 class=\"osLight\">Camojan 55<\/h3><div class=\"address\">Camojan - Marbella - Spain<\/div><\/div><\/a><\/div><div class=\"col-xs-12 col-sm-6 col-md-6 col-lg-6\"><a href=\"https:\/\/g5estates.com\/es\/properties\/the-retreat\/\" class=\"propWidget-2\"><div class=\"fig\"><div class=\"featured-label\"><div class=\"featured-label-left\"><\/div><div class=\"featured-label-content\"><span class=\"fa fa-star\"><\/div><div class=\"featured-label-right\"><\/div><div class=\"clearfix\"><\/div><\/div><img decoding=\"async\" src=\"https:\/\/g5estates.com\/wp-content\/uploads\/2023\/10\/00-THE-RETREAT-09-600x400.jpg\" alt=\"El Retiro\" class=\"scale\" data-scale=\"best-fill\" data-align=\"center\"><img decoding=\"async\" src=\"https:\/\/g5estates.com\/wp-content\/uploads\/2023\/10\/00-THE-RETREAT-09-600x400.jpg\" alt=\"El Retiro\" class=\"blur scale\" data-scale=\"best-fill\" data-align=\"center\"><div class=\"opac\"><\/div><div class=\"priceCap osLight\"><span>12.800.000\u20ac<small style=\"font-size:14px;\"><\/small><\/span><\/div><div class=\"figType\">Villa<\/div><h3 class=\"osLight\">El Retiro<\/h3><div class=\"address\">La Zagaleta - Benahavis - Spain<\/div><\/div><\/a><\/div><div class=\"col-xs-12 col-sm-6 col-md-6 col-lg-6\"><a href=\"https:\/\/g5estates.com\/es\/properties\/camojan-45\/\" class=\"propWidget-2\"><div class=\"fig\"><div class=\"featured-label\"><div class=\"featured-label-left\"><\/div><div class=\"featured-label-content\"><span class=\"fa fa-star\"><\/div><div class=\"featured-label-right\"><\/div><div class=\"clearfix\"><\/div><\/div><img decoding=\"async\" src=\"https:\/\/g5estates.com\/wp-content\/uploads\/2021\/07\/1-600x400.jpg\" alt=\"Camojan 45\" class=\"scale\" data-scale=\"best-fill\" data-align=\"center\"><img decoding=\"async\" src=\"https:\/\/g5estates.com\/wp-content\/uploads\/2021\/07\/1-600x400.jpg\" alt=\"Camojan 45\" class=\"blur scale\" data-scale=\"best-fill\" data-align=\"center\"><div class=\"opac\"><\/div><div class=\"priceCap osLight\"><span>VENDIDO<small style=\"font-size:14px;\"><\/small><\/span><\/div><div class=\"figType\">Villa<\/div><h3 class=\"osLight\">Camojan 45<\/h3><div class=\"address\">Camojan - Golden Mile - Spain<\/div><\/div><\/a><\/div><div class=\"col-xs-12 col-sm-6 col-md-6 col-lg-6\"><a href=\"https:\/\/g5estates.com\/es\/properties\/los-flamingos-14\/\" class=\"propWidget-2\"><div class=\"fig\"><div class=\"featured-label\"><div class=\"featured-label-left\"><\/div><div class=\"featured-label-content\"><span class=\"fa fa-star\"><\/div><div class=\"featured-label-right\"><\/div><div class=\"clearfix\"><\/div><\/div><img decoding=\"async\" src=\"https:\/\/g5estates.com\/wp-content\/uploads\/2021\/06\/1-600x400.jpg\" alt=\"Flamingos 14\" class=\"scale\" data-scale=\"best-fill\" data-align=\"center\"><img decoding=\"async\" src=\"https:\/\/g5estates.com\/wp-content\/uploads\/2021\/06\/1-600x400.jpg\" alt=\"Flamingos 14\" class=\"blur scale\" data-scale=\"best-fill\" data-align=\"center\"><div class=\"opac\"><\/div><div class=\"priceCap osLight\"><span>3.800.000\u20ac<small style=\"font-size:14px;\"><\/small><\/span><\/div><div class=\"figType\">Villa<\/div><h3 class=\"osLight\">Flamingos 14<\/h3><div class=\"address\">Los Flamingos - Nueva Milla de Oro - Spain<\/div><\/div><\/a><\/div><\/div><\/div>\n<div id=\"home_hogar\" class=\"spotlight\"><img loading=\"lazy\" decoding=\"async\" class=\"size-full wp-image-1165 aligncenter\" src=\"http:\/\/g5estates.com\/wp-content\/uploads\/2014\/11\/puntos.png\" alt=\"\" width=\"194\" height=\"54\" \/><\/div>\n<div id=\"home_localizacion\" class=\"spotlight\">\n<div class=\"s-title osLight\">Propiedades por ubicaci\u00f3n<\/div>\n<div class=\"s-text osLight\">Puedes encontrar la ubicaci\u00f3n con solo hacer click<\/div>\n<\/div>\n<div id=\"home_list-propiedades\">\n<div class=\"row\">\n<div class=\"col-xs-12 col-sm-6 col-md-4 col-lg-4 item-prop primero\">\n<div class=\"fig\">\n<div class=\"info\">\n<h3 class=\"osLight\">Ubicaciones<\/h3>\n<p><a class=\"\" href=\"http:\/\/g5estates.com\/properties-search-results-3\/\">Mirar todas<\/a><\/p>\n<\/div>\n<\/div>\n<\/div>\n<div class=\"col-xs-12 col-sm-6 col-md-4 col-lg-4 item-prop\">\n<div class=\"inner\">\n<p><a href=\"http:\/\/g5estates.com\/properties-search-results\/?search_lat=&amp;search_lng=&amp;sort=newest&amp;search_city=&amp;search_neighborhood=Zagaleta&amp;search_min_price=&amp;search_max_price=&amp;search_type=0&amp;search_bedrooms=0&amp;search_bathrooms=0\"><img loading=\"lazy\" decoding=\"async\" class=\"alignnone wp-image-1514 \" src=\"http:\/\/g5estates.com\/wp-content\/uploads\/2014\/11\/zagaleta2.jpg\" alt=\"\" width=\"1000\" height=\"667\" srcset=\"https:\/\/g5estates.com\/wp-content\/uploads\/2014\/11\/zagaleta2.jpg 1000w, https:\/\/g5estates.com\/wp-content\/uploads\/2014\/11\/zagaleta2-300x200.jpg 300w, https:\/\/g5estates.com\/wp-content\/uploads\/2014\/11\/zagaleta2-768x512.jpg 768w\" sizes=\"auto, (max-width: 1000px) 100vw, 1000px\" \/><\/a><\/p>\n<div class=\"info\">\n<h3 class=\"osLight\">Zagaleta<\/h3>\n<div class=\"address\"><span class=\"EN-GB\">La urbanizaci\u00f3n m\u00e1s exclusiva de Europa, con casi 900 hect\u00e1reas de un entorno natural.<\/span><\/div>\n<\/div>\n<\/div>\n<\/div>\n<div class=\"col-xs-12 col-sm-6 col-md-4 col-lg-4 item-prop\">\n<div class=\"inner\">\n<p><a href=\"https:\/\/g5estates.com\/es\/properties-search-results\/?sort=newest&amp;search_city=Golden+Mile&amp;search_lat&amp;search_lng&amp;search_neighborhood&amp;search_type=0&amp;search_min_price&amp;search_max_price&amp;search_bedrooms=0\"><img loading=\"lazy\" decoding=\"async\" class=\"alignnone wp-image-1526 \" src=\"http:\/\/g5estates.com\/wp-content\/uploads\/2017\/12\/MMP-151781-1024x683.jpg\" alt=\"\" width=\"1024\" height=\"683\" srcset=\"https:\/\/g5estates.com\/wp-content\/uploads\/2017\/12\/MMP-151781-1024x683.jpg 1024w, https:\/\/g5estates.com\/wp-content\/uploads\/2017\/12\/MMP-151781-300x200.jpg 300w, https:\/\/g5estates.com\/wp-content\/uploads\/2017\/12\/MMP-151781-768x512.jpg 768w\" sizes=\"auto, (max-width: 1024px) 100vw, 1024px\" \/><\/a><\/p>\n<div class=\"info\">\n<h3 class=\"osLight\">Golden Mile<\/h3>\n<div class=\"address\"><span lang=\"EN-GB\">Desde el extremo oeste de la ciudad de Marbella a Puerto Banus, hogar de las m\u00e1s lujosas villas de Marbella, incluyendo el Palacio del Rey Fahd<\/span><\/div>\n<\/div>\n<\/div>\n<\/div>\n<div class=\"col-xs-12 col-sm-6 col-md-4 col-lg-4 item-prop\">\n<div class=\"inner\">\n<p><a href=\"http:\/\/g5estates.com\/properties-search-results\/?search_lat=&amp;search_lng=&amp;sort=newest&amp;search_city=&amp;search_neighborhood=Guadalmina+&amp;search_min_price=&amp;search_max_price=&amp;search_type=0&amp;search_bedrooms=0&amp;search_bathrooms=0\"><img loading=\"lazy\" decoding=\"async\" class=\"alignnone wp-image-1510 \" src=\"http:\/\/g5estates.com\/wp-content\/uploads\/2014\/11\/guadalmina-baja.jpg\" alt=\"\" width=\"698\" height=\"393\" srcset=\"https:\/\/g5estates.com\/wp-content\/uploads\/2014\/11\/guadalmina-baja.jpg 1200w, https:\/\/g5estates.com\/wp-content\/uploads\/2014\/11\/guadalmina-baja-300x169.jpg 300w, https:\/\/g5estates.com\/wp-content\/uploads\/2014\/11\/guadalmina-baja-768x432.jpg 768w, https:\/\/g5estates.com\/wp-content\/uploads\/2014\/11\/guadalmina-baja-1024x576.jpg 1024w\" sizes=\"auto, (max-width: 698px) 100vw, 698px\" \/><\/a><\/p>\n<div class=\"info\">\n<h3 class=\"osLight\">Guadalmina<\/h3>\n<div class=\"address\"><span lang=\"EN-GB\">Una urbanizaci\u00f3n muy bien establecida, conocida como uno de los lugares m\u00e1s agradables para vivir en Marbella, si eres jugador de golf este es el lugar donde vivir.<\/span><\/div>\n<\/div>\n<\/div>\n<\/div>\n<div class=\"col-xs-12 col-sm-6 col-md-4 col-lg-4 item-prop\">\n<div class=\"inner\">\n<p><a href=\"http:\/\/g5estates.com\/properties-search-results\/?search_lat=&amp;search_lng=&amp;sort=newest&amp;search_city=&amp;search_neighborhood=Sierra+Blanca&amp;search_min_price=&amp;search_max_price=&amp;search_type=0&amp;search_bedrooms=0&amp;search_bathrooms=0\"><img loading=\"lazy\" decoding=\"async\" class=\"alignnone wp-image-1512 size-full\" src=\"http:\/\/g5estates.com\/wp-content\/uploads\/2014\/11\/sierra_blanca.jpg\" alt=\"\" width=\"1200\" height=\"799\" srcset=\"https:\/\/g5estates.com\/wp-content\/uploads\/2014\/11\/sierra_blanca.jpg 1200w, https:\/\/g5estates.com\/wp-content\/uploads\/2014\/11\/sierra_blanca-300x200.jpg 300w, https:\/\/g5estates.com\/wp-content\/uploads\/2014\/11\/sierra_blanca-768x511.jpg 768w, https:\/\/g5estates.com\/wp-content\/uploads\/2014\/11\/sierra_blanca-1024x682.jpg 1024w\" sizes=\"auto, (max-width: 1200px) 100vw, 1200px\" \/><\/a><\/p>\n<div class=\"info\">\n<h3 class=\"osLight\">Sierra Blanca<\/h3>\n<div class=\"address\"><span lang=\"EN-GB\">Situada a los pies de la concha, esta comunidad cerrada es una de las urbanizaciones m\u00e1s privadas de Marbella, con unas vistas impresionantes al mar mediterr\u00e1neo. <\/span><\/div>\n<\/div>\n<\/div>\n<\/div>\n<div class=\"col-xs-12 col-sm-6 col-md-4 col-lg-4 item-prop\">\n<div class=\"inner\">\n<p><a href=\"https:\/\/g5estates.com\/es\/properties-search-results\/?sort=newest&amp;search_city=New+Golden+Mile&amp;search_lat=&amp;search_lng=&amp;search_neighborhood=&amp;search_type=0&amp;search_min_price=&amp;search_max_price=&amp;search_bedrooms=0\"><img loading=\"lazy\" decoding=\"async\" class=\"alignnone wp-image-1511 size-full\" src=\"http:\/\/g5estates.com\/wp-content\/uploads\/2014\/11\/NEW-GOLDEN-MILE.jpg\" alt=\"\" width=\"1200\" height=\"799\" srcset=\"https:\/\/g5estates.com\/wp-content\/uploads\/2014\/11\/NEW-GOLDEN-MILE.jpg 1200w, https:\/\/g5estates.com\/wp-content\/uploads\/2014\/11\/NEW-GOLDEN-MILE-300x200.jpg 300w, https:\/\/g5estates.com\/wp-content\/uploads\/2014\/11\/NEW-GOLDEN-MILE-768x511.jpg 768w, https:\/\/g5estates.com\/wp-content\/uploads\/2014\/11\/NEW-GOLDEN-MILE-1024x682.jpg 1024w\" sizes=\"auto, (max-width: 1200px) 100vw, 1200px\" \/><\/a><\/p>\n<div class=\"info\">\n<h3 class=\"osLight\">New Golden Mile<\/h3>\n<div class=\"address\"><span lang=\"EN-GB\">La nueva milla de oro es hogar de nuevas urbanizaciones, se extiende desde Guadalmina hasta Estepona.<\/span><\/div>\n<\/div>\n<\/div>\n<\/div>\n<\/div>\n<\/div>\n<div id=\"home_privadas\" class=\"spotlight\">\n<div class=\"s-title osLight\">Propiedades privadas<\/div>\n<div class=\"s-text osLight\">\n<p>Para nosotros, nuestros valores de integridad y confidencialidad con nuestros clientes es lo m\u00e1s importante. Hemos creado un apartado privado para aquellos clientes que no quieren exponer sus propiedades al p\u00fablico<\/p>\n<p><a class=\"link\" href=\"http:\/\/g5estates.com\/contacto\/\">M\u00e1s informaci\u00f3n<\/a><\/p>\n<\/div>\n<\/div>\n<p><\/p>","protected":false},"excerpt":{"rendered":"<p>Propiedades por ubicaci\u00f3n Puedes encontrar la ubicaci\u00f3n con solo hacer click Ubicaciones Mirar todas Zagaleta La urbanizaci\u00f3n m\u00e1s exclusiva de Europa, con casi 900 hect\u00e1reas de un entorno natural. Golden [&hellip;]<\/p>\n","protected":false},"author":1,"featured_media":0,"parent":0,"menu_order":0,"comment_status":"closed","ping_status":"closed","template":"","meta":{"_themeisle_gutenberg_block_has_review":false,"footnotes":""},"class_list":["post-626","page","type-page","status-publish","hentry"],"yoast_head":"<!-- This site is optimized with the Yoast SEO plugin v26.8 - https:\/\/yoast.com\/product\/yoast-seo-wordpress\/ -->\n<title>Home - G5 Estates<\/title>\n<meta name=\"robots\" content=\"index, follow, max-snippet:-1, max-image-preview:large, max-video-preview:-1\" \/>\n<link rel=\"canonical\" href=\"https:\/\/g5estates.com\/\" \/>\n<meta property=\"og:locale\" content=\"es_ES\" \/>\n<meta property=\"og:type\" content=\"article\" \/>\n<meta property=\"og:title\" content=\"Home - G5 Estates\" \/>\n<meta property=\"og:description\" content=\"Propiedades por ubicaci\u00f3n Puedes encontrar la ubicaci\u00f3n con solo hacer click Ubicaciones Mirar todas Zagaleta La urbanizaci\u00f3n m\u00e1s exclusiva de Europa, con casi 900 hect\u00e1reas de un entorno natural. Golden [&hellip;]\" \/>\n<meta property=\"og:url\" content=\"https:\/\/g5estates.com\/\" \/>\n<meta property=\"og:site_name\" content=\"G5 Estates\" \/>\n<meta property=\"article:modified_time\" content=\"2025-12-17T12:10:54+00:00\" \/>\n<meta property=\"og:image\" content=\"http:\/\/g5estates.com\/wp-content\/uploads\/2014\/11\/puntos.png\" \/>\n<meta name=\"twitter:card\" content=\"summary_large_image\" \/>\n<meta name=\"twitter:label1\" content=\"Tiempo de lectura\" \/>\n\t<meta name=\"twitter:data1\" content=\"3 minutos\" \/>\n<script type=\"application\/ld+json\" class=\"yoast-schema-graph\">{\"@context\":\"https:\/\/schema.org\",\"@graph\":[{\"@type\":\"WebPage\",\"@id\":\"https:\/\/g5estates.com\/\",\"url\":\"https:\/\/g5estates.com\/\",\"name\":\"Home - G5 Estates\",\"isPartOf\":{\"@id\":\"https:\/\/g5estates.com\/es\/#website\"},\"primaryImageOfPage\":{\"@id\":\"https:\/\/g5estates.com\/#primaryimage\"},\"image\":{\"@id\":\"https:\/\/g5estates.com\/#primaryimage\"},\"thumbnailUrl\":\"http:\/\/g5estates.com\/wp-content\/uploads\/2014\/11\/puntos.png\",\"datePublished\":\"2014-11-28T21:17:01+00:00\",\"dateModified\":\"2025-12-17T12:10:54+00:00\",\"breadcrumb\":{\"@id\":\"https:\/\/g5estates.com\/#breadcrumb\"},\"inLanguage\":\"es\",\"potentialAction\":[{\"@type\":\"ReadAction\",\"target\":[\"https:\/\/g5estates.com\/\"]}]},{\"@type\":\"ImageObject\",\"inLanguage\":\"es\",\"@id\":\"https:\/\/g5estates.com\/#primaryimage\",\"url\":\"http:\/\/g5estates.com\/wp-content\/uploads\/2014\/11\/puntos.png\",\"contentUrl\":\"http:\/\/g5estates.com\/wp-content\/uploads\/2014\/11\/puntos.png\"},{\"@type\":\"BreadcrumbList\",\"@id\":\"https:\/\/g5estates.com\/#breadcrumb\",\"itemListElement\":[{\"@type\":\"ListItem\",\"position\":1,\"name\":\"Home\",\"item\":\"https:\/\/g5estates.com\/\"},{\"@type\":\"ListItem\",\"position\":2,\"name\":\"Home\"}]},{\"@type\":\"WebSite\",\"@id\":\"https:\/\/g5estates.com\/es\/#website\",\"url\":\"https:\/\/g5estates.com\/es\/\",\"name\":\"G5 Estates\",\"description\":\"G5 Estates\",\"potentialAction\":[{\"@type\":\"SearchAction\",\"target\":{\"@type\":\"EntryPoint\",\"urlTemplate\":\"https:\/\/g5estates.com\/es\/?s={search_term_string}\"},\"query-input\":{\"@type\":\"PropertyValueSpecification\",\"valueRequired\":true,\"valueName\":\"search_term_string\"}}],\"inLanguage\":\"es\"}]}<\/script>\n<!-- \/ Yoast SEO plugin. -->","yoast_head_json":{"title":"Home - G5 Estates","robots":{"index":"index","follow":"follow","max-snippet":"max-snippet:-1","max-image-preview":"max-image-preview:large","max-video-preview":"max-video-preview:-1"},"canonical":"https:\/\/g5estates.com\/","og_locale":"es_ES","og_type":"article","og_title":"Home - G5 Estates","og_description":"Propiedades por ubicaci\u00f3n Puedes encontrar la ubicaci\u00f3n con solo hacer click Ubicaciones Mirar todas Zagaleta La urbanizaci\u00f3n m\u00e1s exclusiva de Europa, con casi 900 hect\u00e1reas de un entorno natural. Golden [&hellip;]","og_url":"https:\/\/g5estates.com\/","og_site_name":"G5 Estates","article_modified_time":"2025-12-17T12:10:54+00:00","og_image":[{"url":"http:\/\/g5estates.com\/wp-content\/uploads\/2014\/11\/puntos.png","type":"","width":"","height":""}],"twitter_card":"summary_large_image","twitter_misc":{"Tiempo de lectura":"3 minutos"},"schema":{"@context":"https:\/\/schema.org","@graph":[{"@type":"WebPage","@id":"https:\/\/g5estates.com\/","url":"https:\/\/g5estates.com\/","name":"Home - G5 Estates","isPartOf":{"@id":"https:\/\/g5estates.com\/es\/#website"},"primaryImageOfPage":{"@id":"https:\/\/g5estates.com\/#primaryimage"},"image":{"@id":"https:\/\/g5estates.com\/#primaryimage"},"thumbnailUrl":"http:\/\/g5estates.com\/wp-content\/uploads\/2014\/11\/puntos.png","datePublished":"2014-11-28T21:17:01+00:00","dateModified":"2025-12-17T12:10:54+00:00","breadcrumb":{"@id":"https:\/\/g5estates.com\/#breadcrumb"},"inLanguage":"es","potentialAction":[{"@type":"ReadAction","target":["https:\/\/g5estates.com\/"]}]},{"@type":"ImageObject","inLanguage":"es","@id":"https:\/\/g5estates.com\/#primaryimage","url":"http:\/\/g5estates.com\/wp-content\/uploads\/2014\/11\/puntos.png","contentUrl":"http:\/\/g5estates.com\/wp-content\/uploads\/2014\/11\/puntos.png"},{"@type":"BreadcrumbList","@id":"https:\/\/g5estates.com\/#breadcrumb","itemListElement":[{"@type":"ListItem","position":1,"name":"Home","item":"https:\/\/g5estates.com\/"},{"@type":"ListItem","position":2,"name":"Home"}]},{"@type":"WebSite","@id":"https:\/\/g5estates.com\/es\/#website","url":"https:\/\/g5estates.com\/es\/","name":"G5 Estates","description":"G5 Estates","potentialAction":[{"@type":"SearchAction","target":{"@type":"EntryPoint","urlTemplate":"https:\/\/g5estates.com\/es\/?s={search_term_string}"},"query-input":{"@type":"PropertyValueSpecification","valueRequired":true,"valueName":"search_term_string"}}],"inLanguage":"es"}]}},"_links":{"self":[{"href":"https:\/\/g5estates.com\/es\/wp-json\/wp\/v2\/pages\/626","targetHints":{"allow":["GET"]}}],"collection":[{"href":"https:\/\/g5estates.com\/es\/wp-json\/wp\/v2\/pages"}],"about":[{"href":"https:\/\/g5estates.com\/es\/wp-json\/wp\/v2\/types\/page"}],"author":[{"embeddable":true,"href":"https:\/\/g5estates.com\/es\/wp-json\/wp\/v2\/users\/1"}],"replies":[{"embeddable":true,"href":"https:\/\/g5estates.com\/es\/wp-json\/wp\/v2\/comments?post=626"}],"version-history":[{"count":110,"href":"https:\/\/g5estates.com\/es\/wp-json\/wp\/v2\/pages\/626\/revisions"}],"predecessor-version":[{"id":6054,"href":"https:\/\/g5estates.com\/es\/wp-json\/wp\/v2\/pages\/626\/revisions\/6054"}],"wp:attachment":[{"href":"https:\/\/g5estates.com\/es\/wp-json\/wp\/v2\/media?parent=626"}],"curies":[{"name":"wp","href":"https:\/\/api.w.org\/{rel}","templated":true}]}}