{"id":2730,"date":"2019-01-23T21:03:26","date_gmt":"2019-01-23T21:03:26","guid":{"rendered":"http:\/\/g5estates.com\/?page_id=2730"},"modified":"2019-01-23T21:03:26","modified_gmt":"2019-01-23T21:03:26","slug":"cookies-policy","status":"publish","type":"page","link":"https:\/\/g5estates.com\/es\/cookies-policy\/","title":{"rendered":"Pol\u00edtica de cookies"},"content":{"rendered":"<p><\/p>\n<div><strong>POL\u00cdTICA DE COOKIES<\/strong><\/div>\n<div>Cookie es un fichero que se descarga en su ordenador al acceder a determinadas p\u00e1ginas web. Las cookies permiten a una p\u00e1gina web, entre otras cosas, almacenar y recuperar informaci\u00f3n sobre los h\u00e1bitos de navegaci\u00f3n de un usuario o de su equipo y, dependiendo de la informaci\u00f3n que contengan y de la forma en que utilice su equipo, pueden utilizarse para reconocer al usuario.. El navegador del usuario memoriza cookies en el disco duro solamente durante la sesi\u00f3n actual ocupando un espacio de memoria m\u00ednimo y no perjudicando al ordenador. Las cookies no contienen ninguna clase de informaci\u00f3n personal espec\u00edfica, y la mayor\u00eda de las mismas se borran del disco duro al finalizar la sesi\u00f3n de navegador (las denominadas cookies de sesi\u00f3n).<\/div>\n<div>La mayor\u00eda de los navegadores aceptan como est\u00e1ndar a las cookies y, con independencia de las mismas, permiten o impiden en los ajustes de seguridad las cookies temporales o memorizadas.<\/div>\n<div>Sin su expreso consentimiento \u2013mediante la activaci\u00f3n de las cookies en su navegador\u2013\u00a0BROSQUE ENTERPRISE, S.L.\u00a0no enlazar\u00e1 en las cookies los datos memorizados con sus datos personales proporcionados en el momento del registro.<\/div>\n<div>\u00bfQu\u00e9 tipos de cookies utiliza esta p\u00e1gina web?<\/div>\n<ul>\n<li>Cookies t\u00e9cnicas: Son aqu\u00e9llas que permiten al usuario la navegaci\u00f3n a trav\u00e9s de una p\u00e1gina web, plataforma o aplicaci\u00f3n y la utilizaci\u00f3n de las diferentes opciones o servicios que en ella existan como, por ejemplo, controlar el tr\u00e1fico y la comunicaci\u00f3n de datos, identificar la sesi\u00f3n, acceder a partes de acceso restringido, recordar los elementos que integran un pedido, realizar el proceso de compra de un pedido, realizar la solicitud de inscripci\u00f3n o participaci\u00f3n en un evento, utilizar elementos de seguridad durante la navegaci\u00f3n, almacenar contenidos para la difusi\u00f3n de videos o sonido o compartir contenidos a trav\u00e9s de redes sociales.<\/li>\n<li>Cookies de personalizaci\u00f3n: Son aqu\u00e9llas que permiten al usuario acceder al servicio con algunas caracter\u00edsticas de car\u00e1cter general predefinidas en funci\u00f3n de una serie de criterios en el terminal del usuario como por ejemplo serian el idioma, el tipo de navegador a trav\u00e9s del cual accede al servicio, la configuraci\u00f3n regional desde donde accede al servicio, etc.<\/li>\n<li>Cookies de an\u00e1lisis: Son aqu\u00e9llas que bien tratadas por nosotros o por terceros, nos permiten cuantificar el n\u00famero de usuarios y as\u00ed realizar la medici\u00f3n y an\u00e1lisis estad\u00edstico de la utilizaci\u00f3n que hacen los usuarios del servicio ofertado. Para ello se analiza su navegaci\u00f3n en nuestra p\u00e1gina web con el fin de mejorar la oferta de productos o servicios que le ofrecemos.<\/li>\n<\/ul>\n<div>Cookies de terceros: La Web de\u00a0BROSQUE ENTERPRISE, S.L.\u00a0puede utilizar servicios de terceros que, por cuenta de\u00a0BROSQUE ENTERPRISE, S.L.., recopilaran informaci\u00f3n con fines estad\u00edsticos, de uso del Site por parte del usuario y para la prestacion de otros servicios relacionados con la actividad del Website y otros servicios de Internet.<\/div>\n<div>En particular, este sitio Web utiliza Google Analytics, un servicio anal\u00edtico de web prestado por Google, Inc. con domicilio en los Estados Unidos con sede central en 1600 Amphitheatre Parkway, Mountain View, California 94043. Para la prestaci\u00f3n de estos servicios, estos utilizan cookies que recopilan la informaci\u00f3n, incluida la direcci\u00f3n IP del usuario, que ser\u00e1 transmitida, tratada y almacenada por Google en los t\u00e9rminos fijados en la Web\u00a0<a href=\"http:\/\/google.com\/\" target=\"_blank\" rel=\"noopener noreferrer\" data-saferedirecturl=\"https:\/\/www.google.com\/url?q=http:\/\/google.com\/&amp;source=gmail&amp;ust=1548361228238000&amp;usg=AFQjCNF8Lnk0w6oXhuSPxqdUs6xqk_ChOQ\">Google.com<\/a>. Incluyendo la posible transmisi\u00f3n de dicha informaci\u00f3n a terceros por razones de exigencia legal o cuando dichos terceros procesen la informaci\u00f3n por cuenta de Google.<\/div>\n<div>El Usuario acepta expresamente, por la utilizaci\u00f3n de este Site, el tratamiento de la informaci\u00f3n recabada en la forma y con los fines anteriormente mencionados. Y asimismo reconoce conocer la posibilidad de rechazar el tratamiento de tales datos o informaci\u00f3n rechazando el uso de Cookies mediante la selecci\u00f3n de la configuraci\u00f3n apropiada a tal fin en su navegador. Si bien esta opci\u00f3n de bloqueo de Cookies en su navegador puede no permitirle el uso pleno de todas las funcionalidades del Website.<\/div>\n<div>Puede usted permitir, bloquear o eliminar las cookies instaladas en su equipo mediante la configuraci\u00f3n de las opciones del navegador instalado en su ordenador:<\/div>\n<div>Chrome<br \/>\nExplorer<br \/>\nFirefox<br \/>\nSafari<br \/>\nSi tiene dudas sobre esta pol\u00edtica de cookies, puede contactar con\u00a0BROSQUE ENTERPRISE, S.L.. en\u00a0<a href=\"mailto:geno@g5estates.com\" target=\"_blank\" rel=\"noopener noreferrer\">geno@g5estates.com<\/a><\/div>\n<p><\/p>","protected":false},"excerpt":{"rendered":"<p>POL\u00cdTICA DE COOKIES Cookie es un fichero que se descarga en su ordenador al acceder a determinadas p\u00e1ginas web. Las cookies permiten a una p\u00e1gina web, entre otras cosas, almacenar [&hellip;]<\/p>\n","protected":false},"author":1,"featured_media":0,"parent":0,"menu_order":0,"comment_status":"closed","ping_status":"closed","template":"","meta":{"_themeisle_gutenberg_block_has_review":false,"footnotes":""},"class_list":["post-2730","page","type-page","status-publish","hentry"],"yoast_head":"<!-- This site is optimized with the Yoast SEO plugin v26.8 - https:\/\/yoast.com\/product\/yoast-seo-wordpress\/ -->\n<title>Pol\u00edtica de cookies - G5 Estates<\/title>\n<meta name=\"robots\" content=\"index, follow, max-snippet:-1, max-image-preview:large, max-video-preview:-1\" \/>\n<link rel=\"canonical\" href=\"https:\/\/g5estates.com\/cookies-policy\/\" \/>\n<meta property=\"og:locale\" content=\"es_ES\" \/>\n<meta property=\"og:type\" content=\"article\" \/>\n<meta property=\"og:title\" content=\"[:en]Cookies Policy[:es]Pol\u00edtica de cookies[:] - G5 Estates\" \/>\n<meta property=\"og:description\" content=\"POL\u00cdTICA DE COOKIES Cookie es un fichero que se descarga en su ordenador al acceder a determinadas p\u00e1ginas web. Las cookies permiten a una p\u00e1gina web, entre otras cosas, almacenar [&hellip;]\" \/>\n<meta property=\"og:url\" content=\"https:\/\/g5estates.com\/cookies-policy\/\" \/>\n<meta property=\"og:site_name\" content=\"G5 Estates\" \/>\n<meta name=\"twitter:card\" content=\"summary_large_image\" \/>\n<meta name=\"twitter:label1\" content=\"Tiempo de lectura\" \/>\n\t<meta name=\"twitter:data1\" content=\"7 minutos\" \/>\n<script type=\"application\/ld+json\" class=\"yoast-schema-graph\">{\"@context\":\"https:\/\/schema.org\",\"@graph\":[{\"@type\":\"WebPage\",\"@id\":\"https:\/\/g5estates.com\/cookies-policy\/\",\"url\":\"https:\/\/g5estates.com\/cookies-policy\/\",\"name\":\"[:en]Cookies Policy[:es]Pol\u00edtica de cookies[:] - G5 Estates\",\"isPartOf\":{\"@id\":\"https:\/\/g5estates.com\/es\/#website\"},\"datePublished\":\"2019-01-23T21:03:26+00:00\",\"breadcrumb\":{\"@id\":\"https:\/\/g5estates.com\/cookies-policy\/#breadcrumb\"},\"inLanguage\":\"es\",\"potentialAction\":[{\"@type\":\"ReadAction\",\"target\":[\"https:\/\/g5estates.com\/cookies-policy\/\"]}]},{\"@type\":\"BreadcrumbList\",\"@id\":\"https:\/\/g5estates.com\/cookies-policy\/#breadcrumb\",\"itemListElement\":[{\"@type\":\"ListItem\",\"position\":1,\"name\":\"Home\",\"item\":\"https:\/\/g5estates.com\/\"},{\"@type\":\"ListItem\",\"position\":2,\"name\":\"Cookies Policy\"}]},{\"@type\":\"WebSite\",\"@id\":\"https:\/\/g5estates.com\/es\/#website\",\"url\":\"https:\/\/g5estates.com\/es\/\",\"name\":\"G5 Estates\",\"description\":\"G5 Estates\",\"potentialAction\":[{\"@type\":\"SearchAction\",\"target\":{\"@type\":\"EntryPoint\",\"urlTemplate\":\"https:\/\/g5estates.com\/es\/?s={search_term_string}\"},\"query-input\":{\"@type\":\"PropertyValueSpecification\",\"valueRequired\":true,\"valueName\":\"search_term_string\"}}],\"inLanguage\":\"es\"}]}<\/script>\n<!-- \/ Yoast SEO plugin. -->","yoast_head_json":{"title":"[:en]Cookies Policy[:es]Pol\u00edtica de cookies[:] - G5 Estates","robots":{"index":"index","follow":"follow","max-snippet":"max-snippet:-1","max-image-preview":"max-image-preview:large","max-video-preview":"max-video-preview:-1"},"canonical":"https:\/\/g5estates.com\/cookies-policy\/","og_locale":"es_ES","og_type":"article","og_title":"[:en]Cookies Policy[:es]Pol\u00edtica de cookies[:] - G5 Estates","og_description":"POL\u00cdTICA DE COOKIES Cookie es un fichero que se descarga en su ordenador al acceder a determinadas p\u00e1ginas web. Las cookies permiten a una p\u00e1gina web, entre otras cosas, almacenar [&hellip;]","og_url":"https:\/\/g5estates.com\/cookies-policy\/","og_site_name":"G5 Estates","twitter_card":"summary_large_image","twitter_misc":{"Tiempo de lectura":"7 minutos"},"schema":{"@context":"https:\/\/schema.org","@graph":[{"@type":"WebPage","@id":"https:\/\/g5estates.com\/cookies-policy\/","url":"https:\/\/g5estates.com\/cookies-policy\/","name":"[:en]Cookies Policy[:es]Pol\u00edtica de cookies[:] - G5 Estates","isPartOf":{"@id":"https:\/\/g5estates.com\/es\/#website"},"datePublished":"2019-01-23T21:03:26+00:00","breadcrumb":{"@id":"https:\/\/g5estates.com\/cookies-policy\/#breadcrumb"},"inLanguage":"es","potentialAction":[{"@type":"ReadAction","target":["https:\/\/g5estates.com\/cookies-policy\/"]}]},{"@type":"BreadcrumbList","@id":"https:\/\/g5estates.com\/cookies-policy\/#breadcrumb","itemListElement":[{"@type":"ListItem","position":1,"name":"Home","item":"https:\/\/g5estates.com\/"},{"@type":"ListItem","position":2,"name":"Cookies Policy"}]},{"@type":"WebSite","@id":"https:\/\/g5estates.com\/es\/#website","url":"https:\/\/g5estates.com\/es\/","name":"G5 Estates","description":"G5 Estates","potentialAction":[{"@type":"SearchAction","target":{"@type":"EntryPoint","urlTemplate":"https:\/\/g5estates.com\/es\/?s={search_term_string}"},"query-input":{"@type":"PropertyValueSpecification","valueRequired":true,"valueName":"search_term_string"}}],"inLanguage":"es"}]}},"_links":{"self":[{"href":"https:\/\/g5estates.com\/es\/wp-json\/wp\/v2\/pages\/2730","targetHints":{"allow":["GET"]}}],"collection":[{"href":"https:\/\/g5estates.com\/es\/wp-json\/wp\/v2\/pages"}],"about":[{"href":"https:\/\/g5estates.com\/es\/wp-json\/wp\/v2\/types\/page"}],"author":[{"embeddable":true,"href":"https:\/\/g5estates.com\/es\/wp-json\/wp\/v2\/users\/1"}],"replies":[{"embeddable":true,"href":"https:\/\/g5estates.com\/es\/wp-json\/wp\/v2\/comments?post=2730"}],"version-history":[{"count":1,"href":"https:\/\/g5estates.com\/es\/wp-json\/wp\/v2\/pages\/2730\/revisions"}],"predecessor-version":[{"id":2731,"href":"https:\/\/g5estates.com\/es\/wp-json\/wp\/v2\/pages\/2730\/revisions\/2731"}],"wp:attachment":[{"href":"https:\/\/g5estates.com\/es\/wp-json\/wp\/v2\/media?parent=2730"}],"curies":[{"name":"wp","href":"https:\/\/api.w.org\/{rel}","templated":true}]}}