{"id":2719,"date":"2018-10-15T16:05:36","date_gmt":"2018-10-15T16:05:36","guid":{"rendered":"http:\/\/g5estates.com\/?page_id=2719"},"modified":"2019-08-22T10:40:33","modified_gmt":"2019-08-22T10:40:33","slug":"privacy-policy","status":"publish","type":"page","link":"https:\/\/g5estates.com\/es\/privacy-policy\/","title":{"rendered":"Pol\u00edtica de Privacidad"},"content":{"rendered":"<hr \/>\n<hr \/>\n<p><\/p>\n<h3 class=\"p1\" style=\"text-align: left;\"><span class=\"s1\"><b>AVISO LEGAL Y POL\u00cdTICA DE PRIVACIDAD<\/b><\/span><\/h3>\n<p class=\"p1\"><span class=\"s1\">En cumplimiento de la Ley 34\/2002, de 11 de Julio, de Servicios de la Sociedad de la Informaci\u00f3n y de Comercio Electr\u00f3nico, le informamos de que<\/span><b> <\/b><span class=\"s3\"><b>BROSQUE ENTERPRISE SL, (G5 ESTATES) <\/b><\/span><b> <\/b><span class=\"s1\">con domicilio en<\/span><b> <\/b><span class=\"s3\"><b>Paseo de la Quinta, Nave, SN Puerta 1A, 29679 &#8211; San Pedro de Alcantara,<span class=\"Apple-converted-space\">\u00a0 <\/span>Marbella &#8211; M\u00e1laga y CIF: B93492973 n\u00ba de inscripci\u00f3n en el Registro Mercantil M\u00e1laga, Tomo 5537, Folio 7 en la hoja 1 MA-135253, es titular de este sitio Web.<\/b><\/span><\/p>\n<p class=\"p2\"><span class=\"s3\">De conformidad con lo establecido en la Ley Org\u00e1nica 15\/1999, de Protecci\u00f3n de Datos de Car\u00e1cter Personal, en caso de que nos env\u00ede alg\u00fan correo electr\u00f3nico a la direcci\u00f3n indicada en la misma, o rellene alg\u00fan formulario de recogida de datos, le informamos de que los datos de car\u00e1cter personal que nos proporcione, ser\u00e1n registrados en el fichero del que es responsable<\/span><span class=\"s4\">\u00a0<\/span><span class=\"s5\"><b>BROSQUE ENTERPRISE SL (G5 ESTATES)<\/b>,<\/span> <span class=\"s3\">con la finalidad de gestionar su consulta, ofrecerle nuestros servicios, mantener una relaci\u00f3n comercial, as\u00ed como para el env\u00edo por cualquier medio, incluso por correo electr\u00f3nico u otro medio de comunicaci\u00f3n electr\u00f3nica equivalente informaciones publicitarias o promocionales sobre los productos o servicios de la Empresa.<\/span><\/p>\n<p class=\"p2\"><span class=\"s3\">Usted podr\u00e1 oponerse al tratamiento de sus datos con fines publicitarios y ejercitar los derechos de acceso, rectificaci\u00f3n, cancelaci\u00f3n y oposici\u00f3n, de conformidad con lo establecido en la legislaci\u00f3n vigente, mediante comunicaci\u00f3n escrita a la siguiente direcci\u00f3n:<\/span> <span class=\"s5\"><b>Paseo de la Quinta, Nave, SN Puerta 1A, 29679 &#8211; San Pedro de Alcantara &#8211; Marbella &#8211; M\u00e1laga<\/b><\/span><span class=\"s4\"><b>, o a la direcci\u00f3n de correo electr\u00f3nico <\/b>; <\/span><span class=\"s6\"> <a href=\"mailto:info@g5estates.com\"><span class=\"s7\">info@g5estates.com<\/span><\/a><\/span><\/p>\n<p class=\"p2\"><span class=\"s4\"><b>BROSQUE ENTERPRISE SL (G5 ESTATES),<\/b>\u00a0<\/span><span class=\"s3\">declara haber adoptado todas las medidas de seguridad necesarias y adecuadas a lo establecido en el Real Decreto 1720\/2007, de 21 de diciembre, por el que se aprueba el Reglamento de desarrollo de la LOPD y ha establecido todos los medios t\u00e9cnicos a su alcance con la intenci\u00f3n de evitar la p\u00e9rdida, mal uso, alteraci\u00f3n, acceso no autorizado o robo de los datos que Vd. facilite.<\/span><\/p>\n<p class=\"p2\"><span class=\"s3\">Todos los contenidos incluidos en la P\u00e1gina Web y en particular las marcas, nombres comerciales, dise\u00f1os industriales, dise\u00f1os, textos, fotograf\u00edas, gr\u00e1ficos, logotipos, iconos, software o cualesquiera otros signos susceptibles de utilizaci\u00f3n industrial y comercial est\u00e1n protegidos por derechos de propiedad industrial e intelectual de<\/span><span class=\"s4\">\u00a0<\/span><span class=\"s5\"><b>BROSQUE ENTERPRISE SL (G5 ESTATES)<\/b>.<\/span> <span class=\"s3\">Queda por lo tanto prohibida cualquier utilizaci\u00f3n, y\/o reproducci\u00f3n de los mismos sin consentimiento expreso de la Empresa.<\/span><\/p>\n<p class=\"p2\"><span class=\"s5\"><b>BROSQUE ENTERPRISE SL (G5 ESTATES),<\/b><\/span><span class=\"s4\">\u00a0<\/span><span class=\"s3\">no ser\u00e1 responsable de la infracci\u00f3n de los derechos de propiedad intelectual o industrial de terceros que pudieran derivarse de la inclusi\u00f3n en la P\u00e1gina Web de marcas, nombres comerciales, dise\u00f1os industriales, patentes, dise\u00f1os, textos, fotograf\u00edas, gr\u00e1ficos, logotipos, iconos o software pertenecientes a terceros que hayan declarado ser titulares de los mismos al incluirlos en la P\u00e1gina Web.<\/span><\/p>\n<p class=\"p2\"><span class=\"s3\">El Usuario se obliga a usar los contenidos de la P\u00e1gina Web de forma diligente, correcta y l\u00edcita y se compromete a abstenerse de:<\/span><\/p>\n<ul class=\"ul1\">\n<li class=\"li3\"><span class=\"s9\">a) Utilizar los contenidos con fines o efectos contrarios a la ley, a la moral y a las buenas costumbres o al orden p\u00fablico.<\/span><\/li>\n<li class=\"li3\"><span class=\"s9\">b) Reproducir, copiar, distribuir, permitir el acceso del p\u00fablico a trav\u00e9s de cualquier modalidad de comunicaci\u00f3n p\u00fablica, transformar o modificar los contenidos, a menos que se cuente con la correspondiente autorizaci\u00f3n de su titular.<\/span><\/li>\n<li class=\"li3\"><span class=\"s9\">c) Utilizar los contenidos de la P\u00e1gina Web para remitir publicidad, comunicaciones con fines de venta directa o con cualquier otra clase de finalidad comercial, mensajes no solicitados dirigidos a una pluralidad de personas con independencia de su finalidad, as\u00ed como a abstenerse de comercializar o divulgar de cualquier modo dicha informaci\u00f3n.<\/span><\/li>\n<\/ul>\n<p class=\"p2\"><span class=\"s3\">En caso de conflicto de cualquier \u00edndole, ambas partes intentar\u00e1n llegar a un acuerdo pac\u00edfico. No siendo posible, los Tribunales de Marbella tendr\u00e1n la competencia para conocer el caso, no siendo posible acudir a otro fuero para ejercitar la acci\u00f3n.<\/span><\/p>\n<p class=\"p4\"><span class=\"s3\"><b>LOS USUARIOS QUE NO EST\u00c9N DE ACUERDO CON ESTA POL\u00cdTICA NO DEBEN INTRODUCIR NING\u00daN DATO A TRAV\u00c9S DE ESTE SITIO WEB, NI ACCEDER AL CONTENIDO DE ESTA WEB.<\/b><\/span><\/p>\n<p><\/p>","protected":false},"excerpt":{"rendered":"<p>AVISO LEGAL Y POL\u00cdTICA DE PRIVACIDAD En cumplimiento de la Ley 34\/2002, de 11 de Julio, de Servicios de la Sociedad de la Informaci\u00f3n y de Comercio Electr\u00f3nico, le informamos [&hellip;]<\/p>\n","protected":false},"author":1,"featured_media":0,"parent":0,"menu_order":0,"comment_status":"closed","ping_status":"closed","template":"","meta":{"_themeisle_gutenberg_block_has_review":false,"footnotes":""},"class_list":["post-2719","page","type-page","status-publish","hentry"],"yoast_head":"<!-- This site is optimized with the Yoast SEO plugin v26.8 - https:\/\/yoast.com\/product\/yoast-seo-wordpress\/ -->\n<title>Pol\u00edtica de Privacidad - G5 Estates<\/title>\n<meta name=\"robots\" content=\"index, follow, max-snippet:-1, max-image-preview:large, max-video-preview:-1\" \/>\n<link rel=\"canonical\" href=\"https:\/\/g5estates.com\/privacy-policy\/\" \/>\n<meta property=\"og:locale\" content=\"es_ES\" \/>\n<meta property=\"og:type\" content=\"article\" \/>\n<meta property=\"og:title\" content=\"[:en]Privacy Policy[:][:es]Pol\u00edtica de Privacidad[:] - G5 Estates\" \/>\n<meta property=\"og:description\" content=\"AVISO LEGAL Y POL\u00cdTICA DE PRIVACIDAD En cumplimiento de la Ley 34\/2002, de 11 de Julio, de Servicios de la Sociedad de la Informaci\u00f3n y de Comercio Electr\u00f3nico, le informamos [&hellip;]\" \/>\n<meta property=\"og:url\" content=\"https:\/\/g5estates.com\/privacy-policy\/\" \/>\n<meta property=\"og:site_name\" content=\"G5 Estates\" \/>\n<meta property=\"article:modified_time\" content=\"2019-08-22T10:40:33+00:00\" \/>\n<meta name=\"twitter:card\" content=\"summary_large_image\" \/>\n<meta name=\"twitter:label1\" content=\"Tiempo de lectura\" \/>\n\t<meta name=\"twitter:data1\" content=\"7 minutos\" \/>\n<script type=\"application\/ld+json\" class=\"yoast-schema-graph\">{\"@context\":\"https:\/\/schema.org\",\"@graph\":[{\"@type\":\"WebPage\",\"@id\":\"https:\/\/g5estates.com\/privacy-policy\/\",\"url\":\"https:\/\/g5estates.com\/privacy-policy\/\",\"name\":\"[:en]Privacy Policy[:][:es]Pol\u00edtica de Privacidad[:] - G5 Estates\",\"isPartOf\":{\"@id\":\"https:\/\/g5estates.com\/es\/#website\"},\"datePublished\":\"2018-10-15T16:05:36+00:00\",\"dateModified\":\"2019-08-22T10:40:33+00:00\",\"breadcrumb\":{\"@id\":\"https:\/\/g5estates.com\/privacy-policy\/#breadcrumb\"},\"inLanguage\":\"es\",\"potentialAction\":[{\"@type\":\"ReadAction\",\"target\":[\"https:\/\/g5estates.com\/privacy-policy\/\"]}]},{\"@type\":\"BreadcrumbList\",\"@id\":\"https:\/\/g5estates.com\/privacy-policy\/#breadcrumb\",\"itemListElement\":[{\"@type\":\"ListItem\",\"position\":1,\"name\":\"Home\",\"item\":\"https:\/\/g5estates.com\/\"},{\"@type\":\"ListItem\",\"position\":2,\"name\":\"Privacy Policy\"}]},{\"@type\":\"WebSite\",\"@id\":\"https:\/\/g5estates.com\/es\/#website\",\"url\":\"https:\/\/g5estates.com\/es\/\",\"name\":\"G5 Estates\",\"description\":\"G5 Estates\",\"potentialAction\":[{\"@type\":\"SearchAction\",\"target\":{\"@type\":\"EntryPoint\",\"urlTemplate\":\"https:\/\/g5estates.com\/es\/?s={search_term_string}\"},\"query-input\":{\"@type\":\"PropertyValueSpecification\",\"valueRequired\":true,\"valueName\":\"search_term_string\"}}],\"inLanguage\":\"es\"}]}<\/script>\n<!-- \/ Yoast SEO plugin. -->","yoast_head_json":{"title":"[:en]Privacy Policy[:][:es]Pol\u00edtica de Privacidad[:] - G5 Estates","robots":{"index":"index","follow":"follow","max-snippet":"max-snippet:-1","max-image-preview":"max-image-preview:large","max-video-preview":"max-video-preview:-1"},"canonical":"https:\/\/g5estates.com\/privacy-policy\/","og_locale":"es_ES","og_type":"article","og_title":"[:en]Privacy Policy[:][:es]Pol\u00edtica de Privacidad[:] - G5 Estates","og_description":"AVISO LEGAL Y POL\u00cdTICA DE PRIVACIDAD En cumplimiento de la Ley 34\/2002, de 11 de Julio, de Servicios de la Sociedad de la Informaci\u00f3n y de Comercio Electr\u00f3nico, le informamos [&hellip;]","og_url":"https:\/\/g5estates.com\/privacy-policy\/","og_site_name":"G5 Estates","article_modified_time":"2019-08-22T10:40:33+00:00","twitter_card":"summary_large_image","twitter_misc":{"Tiempo de lectura":"7 minutos"},"schema":{"@context":"https:\/\/schema.org","@graph":[{"@type":"WebPage","@id":"https:\/\/g5estates.com\/privacy-policy\/","url":"https:\/\/g5estates.com\/privacy-policy\/","name":"[:en]Privacy Policy[:][:es]Pol\u00edtica de Privacidad[:] - G5 Estates","isPartOf":{"@id":"https:\/\/g5estates.com\/es\/#website"},"datePublished":"2018-10-15T16:05:36+00:00","dateModified":"2019-08-22T10:40:33+00:00","breadcrumb":{"@id":"https:\/\/g5estates.com\/privacy-policy\/#breadcrumb"},"inLanguage":"es","potentialAction":[{"@type":"ReadAction","target":["https:\/\/g5estates.com\/privacy-policy\/"]}]},{"@type":"BreadcrumbList","@id":"https:\/\/g5estates.com\/privacy-policy\/#breadcrumb","itemListElement":[{"@type":"ListItem","position":1,"name":"Home","item":"https:\/\/g5estates.com\/"},{"@type":"ListItem","position":2,"name":"Privacy Policy"}]},{"@type":"WebSite","@id":"https:\/\/g5estates.com\/es\/#website","url":"https:\/\/g5estates.com\/es\/","name":"G5 Estates","description":"G5 Estates","potentialAction":[{"@type":"SearchAction","target":{"@type":"EntryPoint","urlTemplate":"https:\/\/g5estates.com\/es\/?s={search_term_string}"},"query-input":{"@type":"PropertyValueSpecification","valueRequired":true,"valueName":"search_term_string"}}],"inLanguage":"es"}]}},"_links":{"self":[{"href":"https:\/\/g5estates.com\/es\/wp-json\/wp\/v2\/pages\/2719","targetHints":{"allow":["GET"]}}],"collection":[{"href":"https:\/\/g5estates.com\/es\/wp-json\/wp\/v2\/pages"}],"about":[{"href":"https:\/\/g5estates.com\/es\/wp-json\/wp\/v2\/types\/page"}],"author":[{"embeddable":true,"href":"https:\/\/g5estates.com\/es\/wp-json\/wp\/v2\/users\/1"}],"replies":[{"embeddable":true,"href":"https:\/\/g5estates.com\/es\/wp-json\/wp\/v2\/comments?post=2719"}],"version-history":[{"count":28,"href":"https:\/\/g5estates.com\/es\/wp-json\/wp\/v2\/pages\/2719\/revisions"}],"predecessor-version":[{"id":3138,"href":"https:\/\/g5estates.com\/es\/wp-json\/wp\/v2\/pages\/2719\/revisions\/3138"}],"wp:attachment":[{"href":"https:\/\/g5estates.com\/es\/wp-json\/wp\/v2\/media?parent=2719"}],"curies":[{"name":"wp","href":"https:\/\/api.w.org\/{rel}","templated":true}]}}